{"id":1611,"date":"2018-02-01T10:31:24","date_gmt":"2018-02-01T16:31:24","guid":{"rendered":"http:\/\/c2.usac.edu.gt\/periodico_propuesta\/?page_id=1611"},"modified":"2018-08-20T12:53:17","modified_gmt":"2018-08-20T18:53:17","slug":"periodico-usac","status":"publish","type":"page","link":"https:\/\/soy.usac.edu.gt\/?page_id=1611","title":{"rendered":"Peri\u00f3dico USAC"},"content":{"rendered":"<p>[vc_row][vc_column][td_block_slide][td_block_big_grid][td_block_14][vc_widget_sidebar sidebar_id=\u00bbtd-footer-1&#8243;][\/vc_column][\/vc_row]<\/p>\n","protected":false},"excerpt":{"rendered":"<p>[vc_row][vc_column][td_block_slide][td_block_big_grid][td_block_14][vc_widget_sidebar sidebar_id=\u00bbtd-footer-1&#8243;][\/vc_column][\/vc_row]<\/p>\n","protected":false},"author":1,"featured_media":0,"parent":0,"menu_order":0,"comment_status":"closed","ping_status":"closed","template":"","meta":{"_exactmetrics_skip_tracking":false,"_exactmetrics_sitenote_active":false,"_exactmetrics_sitenote_note":"","_exactmetrics_sitenote_category":0,"footnotes":""},"class_list":["post-1611","page","type-page","status-publish","hentry"],"aioseo_notices":[],"jetpack-related-posts":[{"id":2349,"url":"https:\/\/soy.usac.edu.gt\/?page_id=2349","url_meta":{"origin":1611,"position":0},"title":"Contacto","author":"Divisi\u00f3n de Publicidad","date":"24 octubre, 2018","format":false,"excerpt":"Ubicaci\u00f3n de nuestras oficinas Ciudad Universitaria, zona 12. Edificio de Rector\u00eda, tercer nivel Divisi\u00f3n de Publicidad e Informaic\u00f3n. Tel. 24187642, 24189668 Email: soyusac@gmail.com Sobre nostros Soy USAC es el medio de comunicaci\u00f3n digital de la Universidad de San Carlos de Guatemala.","rel":"","context":"Entrada similar","block_context":{"text":"Entrada similar","link":""},"img":{"alt_text":"","src":"","width":0,"height":0},"classes":[]},{"id":9669,"url":"https:\/\/soy.usac.edu.gt\/?page_id=9669","url_meta":{"origin":1611,"position":1},"title":"Estudiantes","author":"Divisi\u00f3n de Publicidad","date":"14 noviembre, 2019","format":false,"excerpt":"","rel":"","context":"Entrada similar","block_context":{"text":"Entrada similar","link":""},"img":{"alt_text":"","src":"","width":0,"height":0},"classes":[]},{"id":1631,"url":"https:\/\/soy.usac.edu.gt\/?page_id=1631","url_meta":{"origin":1611,"position":2},"title":"Opini\u00f3n","author":"Divisi\u00f3n de Publicidad","date":"8 marzo, 2018","format":false,"excerpt":"","rel":"","context":"Entrada similar","block_context":{"text":"Entrada similar","link":""},"img":{"alt_text":"","src":"","width":0,"height":0},"classes":[]},{"id":2871,"url":"https:\/\/soy.usac.edu.gt\/?page_id=2871","url_meta":{"origin":1611,"position":3},"title":"Actividades","author":"Divisi\u00f3n de Publicidad","date":"31 octubre, 2018","format":false,"excerpt":"","rel":"","context":"Entrada similar","block_context":{"text":"Entrada similar","link":""},"img":{"alt_text":"","src":"","width":0,"height":0},"classes":[]},{"id":1607,"url":"https:\/\/soy.usac.edu.gt\/?page_id=1607","url_meta":{"origin":1611,"position":4},"title":"Videos","author":"Divisi\u00f3n de Publicidad","date":"1 febrero, 2018","format":false,"excerpt":"[vc_row][vc_column][td_block_video_youtube][\/vc_column][\/vc_row]","rel":"","context":"Entrada similar","block_context":{"text":"Entrada similar","link":""},"img":{"alt_text":"","src":"","width":0,"height":0},"classes":[]},{"id":17274,"url":"https:\/\/soy.usac.edu.gt\/?page_id=17274","url_meta":{"origin":1611,"position":5},"title":"INFOUSAC","author":"Divisi\u00f3n de Publicidad","date":"3 mayo, 2022","format":false,"excerpt":"","rel":"","context":"Entrada similar","block_context":{"text":"Entrada similar","link":""},"img":{"alt_text":"","src":"","width":0,"height":0},"classes":[]}],"jetpack_sharing_enabled":true,"_links":{"self":[{"href":"https:\/\/soy.usac.edu.gt\/index.php?rest_route=\/wp\/v2\/pages\/1611","targetHints":{"allow":["GET"]}}],"collection":[{"href":"https:\/\/soy.usac.edu.gt\/index.php?rest_route=\/wp\/v2\/pages"}],"about":[{"href":"https:\/\/soy.usac.edu.gt\/index.php?rest_route=\/wp\/v2\/types\/page"}],"author":[{"embeddable":true,"href":"https:\/\/soy.usac.edu.gt\/index.php?rest_route=\/wp\/v2\/users\/1"}],"replies":[{"embeddable":true,"href":"https:\/\/soy.usac.edu.gt\/index.php?rest_route=%2Fwp%2Fv2%2Fcomments&post=1611"}],"version-history":[{"count":0,"href":"https:\/\/soy.usac.edu.gt\/index.php?rest_route=\/wp\/v2\/pages\/1611\/revisions"}],"wp:attachment":[{"href":"https:\/\/soy.usac.edu.gt\/index.php?rest_route=%2Fwp%2Fv2%2Fmedia&parent=1611"}],"curies":[{"name":"wp","href":"https:\/\/api.w.org\/{rel}","templated":true}]}}