{"id":2349,"date":"2018-10-24T07:25:59","date_gmt":"2018-10-24T13:25:59","guid":{"rendered":"http:\/\/td_uid_1_5bd072e71c87e"},"modified":"2023-10-23T09:44:18","modified_gmt":"2023-10-23T15:44:18","slug":"contact","status":"publish","type":"page","link":"https:\/\/soy.usac.edu.gt\/?page_id=2349","title":{"rendered":"Contacto"},"content":{"rendered":"<p><strong>Ubicaci\u00f3n de nuestras oficinas<\/strong><\/p>\n<p>Ciudad Universitaria, zona 12. Edificio de Rector\u00eda, tercer nivel Divisi\u00f3n de Publicidad e Informaic\u00f3n.<\/p>\n<p><strong>Tel.<\/strong> 24187642, 24189668<\/p>\n<p><strong>Email:<\/strong><\/p>\n<p><a href=\"mailto:soyusac@gmail.com\"><strong> soyusac@gmail.com<\/strong><\/a><\/p>\n<blockquote><p><strong>Sobre nostros<\/strong><\/p>\n<p><strong>Soy USAC<\/strong> es el medio de comunicaci\u00f3n digital de la Universidad de San Carlos de Guatemala.<\/p><\/blockquote>\n","protected":false},"excerpt":{"rendered":"<p>Ubicaci\u00f3n de nuestras oficinas Ciudad Universitaria, zona 12. Edificio de Rector\u00eda, tercer nivel Divisi\u00f3n de Publicidad e Informaic\u00f3n. Tel. 24187642, 24189668 Email: soyusac@gmail.com Sobre nostros Soy USAC es el medio de comunicaci\u00f3n digital de la Universidad de San Carlos de Guatemala.<\/p>\n","protected":false},"author":1,"featured_media":0,"parent":0,"menu_order":0,"comment_status":"open","ping_status":"closed","template":"","meta":{"_exactmetrics_skip_tracking":false,"_exactmetrics_sitenote_active":false,"_exactmetrics_sitenote_note":"","_exactmetrics_sitenote_category":0,"footnotes":""},"class_list":["post-2349","page","type-page","status-publish","hentry"],"aioseo_notices":[],"jetpack-related-posts":[],"jetpack_sharing_enabled":true,"_links":{"self":[{"href":"https:\/\/soy.usac.edu.gt\/index.php?rest_route=\/wp\/v2\/pages\/2349","targetHints":{"allow":["GET"]}}],"collection":[{"href":"https:\/\/soy.usac.edu.gt\/index.php?rest_route=\/wp\/v2\/pages"}],"about":[{"href":"https:\/\/soy.usac.edu.gt\/index.php?rest_route=\/wp\/v2\/types\/page"}],"author":[{"embeddable":true,"href":"https:\/\/soy.usac.edu.gt\/index.php?rest_route=\/wp\/v2\/users\/1"}],"replies":[{"embeddable":true,"href":"https:\/\/soy.usac.edu.gt\/index.php?rest_route=%2Fwp%2Fv2%2Fcomments&post=2349"}],"version-history":[{"count":6,"href":"https:\/\/soy.usac.edu.gt\/index.php?rest_route=\/wp\/v2\/pages\/2349\/revisions"}],"predecessor-version":[{"id":19745,"href":"https:\/\/soy.usac.edu.gt\/index.php?rest_route=\/wp\/v2\/pages\/2349\/revisions\/19745"}],"wp:attachment":[{"href":"https:\/\/soy.usac.edu.gt\/index.php?rest_route=%2Fwp%2Fv2%2Fmedia&parent=2349"}],"curies":[{"name":"wp","href":"https:\/\/api.w.org\/{rel}","templated":true}]}}