{"id":4622,"date":"2019-03-08T10:49:38","date_gmt":"2019-03-08T16:49:38","guid":{"rendered":"https:\/\/soy.usac.edu.gt\/?page_id=4622"},"modified":"2019-03-08T10:49:39","modified_gmt":"2019-03-08T16:49:39","slug":"revista-universidad","status":"publish","type":"page","link":"https:\/\/soy.usac.edu.gt\/?page_id=4622","title":{"rendered":"Revista Universidad"},"content":{"rendered":"","protected":false},"excerpt":{"rendered":"","protected":false},"author":1,"featured_media":0,"parent":0,"menu_order":0,"comment_status":"closed","ping_status":"closed","template":"","meta":{"_exactmetrics_skip_tracking":false,"_exactmetrics_sitenote_active":false,"_exactmetrics_sitenote_note":"","_exactmetrics_sitenote_category":0,"footnotes":""},"class_list":["post-4622","page","type-page","status-publish","hentry"],"aioseo_notices":[],"jetpack-related-posts":[{"id":2349,"url":"https:\/\/soy.usac.edu.gt\/?page_id=2349","url_meta":{"origin":4622,"position":0},"title":"Contacto","author":"Divisi\u00f3n de Publicidad","date":"24 octubre, 2018","format":false,"excerpt":"Ubicaci\u00f3n de nuestras oficinas Ciudad Universitaria, zona 12. Edificio de Rector\u00eda, tercer nivel Divisi\u00f3n de Publicidad e Informaic\u00f3n. Tel. 24187642, 24189668 Email: soyusac@gmail.com Sobre nostros Soy USAC es el medio de comunicaci\u00f3n digital de la Universidad de San Carlos de Guatemala.","rel":"","context":"Entrada similar","block_context":{"text":"Entrada similar","link":""},"img":{"alt_text":"","src":"","width":0,"height":0},"classes":[]}],"jetpack_sharing_enabled":true,"_links":{"self":[{"href":"https:\/\/soy.usac.edu.gt\/index.php?rest_route=\/wp\/v2\/pages\/4622","targetHints":{"allow":["GET"]}}],"collection":[{"href":"https:\/\/soy.usac.edu.gt\/index.php?rest_route=\/wp\/v2\/pages"}],"about":[{"href":"https:\/\/soy.usac.edu.gt\/index.php?rest_route=\/wp\/v2\/types\/page"}],"author":[{"embeddable":true,"href":"https:\/\/soy.usac.edu.gt\/index.php?rest_route=\/wp\/v2\/users\/1"}],"replies":[{"embeddable":true,"href":"https:\/\/soy.usac.edu.gt\/index.php?rest_route=%2Fwp%2Fv2%2Fcomments&post=4622"}],"version-history":[{"count":0,"href":"https:\/\/soy.usac.edu.gt\/index.php?rest_route=\/wp\/v2\/pages\/4622\/revisions"}],"wp:attachment":[{"href":"https:\/\/soy.usac.edu.gt\/index.php?rest_route=%2Fwp%2Fv2%2Fmedia&parent=4622"}],"curies":[{"name":"wp","href":"https:\/\/api.w.org\/{rel}","templated":true}]}}